{"id":1300,"date":"2024-10-22T14:33:23","date_gmt":"2024-10-22T14:33:23","guid":{"rendered":"https:\/\/algocalc.com\/ugradeni-sustavi\/"},"modified":"2024-10-22T14:33:28","modified_gmt":"2024-10-22T14:33:28","slug":"ugradeni-sustavi","status":"publish","type":"page","link":"https:\/\/algocalc.com\/hr\/ugradeni-sustavi\/","title":{"rendered":"Ugra\u0111eni sustavi"},"content":{"rendered":"\n<h1 class=\"wp-block-heading\">Profesionalni razvoj ugra\u0111enih sustava<\/h1>\n\n<p>Pru\u017eamo usluge razvoja ugra\u0111enih sustava s fokusom na u\u010dinkovita i pouzdana rje\u0161enja za povezane ure\u0111aje. Na\u0161 tim radi s etabliranim tehnologijama kako bi vam pomogao uvesti va\u0161e hardverske koncepte u proizvodnju. <\/p>\n\n<h2 class=\"wp-block-heading\">Podru\u010dja tehni\u010dkog fokusa<\/h2>\n\n<p>Na\u0161 razvojni rad usredoto\u010den je na implementacije ugra\u0111enog Linuxa, gdje primjenjujemo tehnike prilago\u0111avanja kernela i optimizacije sustava kako bismo ispunili specifi\u010dne zahtjeve projekta. Koriste\u0107i okvire Yocto i Buildroot, konstruiramo distribucije Linuxa prilago\u0111ene odre\u0111enim hardverskim konfiguracijama, uklju\u010duju\u0107i sigurnosne mehanizme pokretanja i mogu\u0107nosti a\u017euriranja prema potrebi. <\/p>\n\n<p>Za razvoj aplikacija implementiramo rje\u0161enja u modernom C++, fokusiraju\u0107i se na u\u010dinkovitost resursa i performanse sustava. Ovaj pristup je posebno relevantan u ugra\u0111enim okru\u017eenjima, gdje hardverski resursi \u010desto predstavljaju ograni\u010denja koja zahtijevaju pa\u017eljivo razmatranje tijekom razvoja. <\/p>\n\n<p>Qt okvir nam slu\u017ei kao temelj za razvoj korisni\u010dkog su\u010delja. To omogu\u0107uje stvaranje responzivnih su\u010delja s hardverski ubrzanim grafi\u010dkim mogu\u0107nostima, pru\u017eaju\u0107i dosljedno iskustvo na razli\u010ditim platformama i vrstama ure\u0111aja. <\/p>\n\n<h2 class=\"wp-block-heading\">Razvojni pristup<\/h2>\n\n<p>Na\u0161 proces nagla\u0161ava temeljitu analizu zahtjeva i sustavno testiranje tijekom razvoja. Usredoto\u010deni smo na stvaranje rje\u0161enja koja se mogu odr\u017eavati i koja su u skladu s industrijskim standardima i najboljom praksom. Svaki projekt dobiva odgovaraju\u0107u dokumentaciju koja podr\u017eava dugoro\u010dno odr\u017eavanje i budu\u0107i razvoj.  <\/p>\n\n<p>Tim odr\u017eava redovitu komunikaciju kroz projekte, daju\u0107i jasne a\u017eurirane informacije o napretku i rje\u0161avaju\u0107i tehni\u010dke izazove kako se pojave. To poma\u017ee osigurati uskla\u0111enost izme\u0111u razvojnih napora i ciljeva projekta. <\/p>\n\n<p>Za raspravu o zahtjevima va\u0161ih ugra\u0111enih sustava, kontaktirajte nas.<\/p>\n","protected":false},"excerpt":{"rendered":"<p>Profesionalni razvoj ugra\u0111enih sustava Pru\u017eamo usluge razvoja ugra\u0111enih sustava s fokusom na u\u010dinkovita i pouzdana rje\u0161enja za povezane ure\u0111aje. Na\u0161 tim radi s etabliranim tehnologijama kako bi vam pomogao uvesti va\u0161e hardverske koncepte u proizvodnju. Podru\u010dja tehni\u010dkog fokusa Na\u0161 razvojni rad usredoto\u010den je na implementacije ugra\u0111enog Linuxa, gdje primjenjujemo tehnike prilago\u0111avanja kernela i optimizacije sustava&#8230;<\/p>\n","protected":false},"author":1,"featured_media":0,"parent":0,"menu_order":0,"comment_status":"closed","ping_status":"closed","template":"","meta":{"inline_featured_image":false,"_kad_blocks_custom_css":"","_kad_blocks_head_custom_js":"","_kad_blocks_body_custom_js":"","_kad_blocks_footer_custom_js":"","_monsterinsights_skip_tracking":false,"_monsterinsights_sitenote_active":false,"_monsterinsights_sitenote_note":"","_monsterinsights_sitenote_category":0,"_kadence_starter_templates_imported_post":false,"_kad_post_transparent":"","_kad_post_title":"","_kad_post_layout":"","_kad_post_sidebar_id":"","_kad_post_content_style":"","_kad_post_vertical_padding":"","_kad_post_feature":"","_kad_post_feature_position":"","_kad_post_header":false,"_kad_post_footer":false,"footnotes":""},"class_list":["post-1300","page","type-page","status-publish","hentry"],"aioseo_notices":[],"taxonomy_info":[],"featured_image_src_large":false,"author_info":{"display_name":"admin","author_link":"https:\/\/algocalc.com\/hr\/author\/miljenko-jakovljevicgmail-com\/"},"comment_info":0,"_links":{"self":[{"href":"https:\/\/algocalc.com\/hr\/wp-json\/wp\/v2\/pages\/1300"}],"collection":[{"href":"https:\/\/algocalc.com\/hr\/wp-json\/wp\/v2\/pages"}],"about":[{"href":"https:\/\/algocalc.com\/hr\/wp-json\/wp\/v2\/types\/page"}],"author":[{"embeddable":true,"href":"https:\/\/algocalc.com\/hr\/wp-json\/wp\/v2\/users\/1"}],"replies":[{"embeddable":true,"href":"https:\/\/algocalc.com\/hr\/wp-json\/wp\/v2\/comments?post=1300"}],"version-history":[{"count":1,"href":"https:\/\/algocalc.com\/hr\/wp-json\/wp\/v2\/pages\/1300\/revisions"}],"predecessor-version":[{"id":1302,"href":"https:\/\/algocalc.com\/hr\/wp-json\/wp\/v2\/pages\/1300\/revisions\/1302"}],"wp:attachment":[{"href":"https:\/\/algocalc.com\/hr\/wp-json\/wp\/v2\/media?parent=1300"}],"curies":[{"name":"wp","href":"https:\/\/api.w.org\/{rel}","templated":true}]}}