{"id":1290,"date":"2024-10-21T16:36:31","date_gmt":"2024-10-21T16:36:31","guid":{"rendered":"https:\/\/algocalc.com\/mobilne-aplikacije\/"},"modified":"2024-10-21T16:36:37","modified_gmt":"2024-10-21T16:36:37","slug":"mobilne-aplikacije","status":"publish","type":"page","link":"https:\/\/algocalc.com\/hr\/mobilne-aplikacije\/","title":{"rendered":"Mobilne aplikacije"},"content":{"rendered":"\n<h2 class=\"wp-block-heading\">Otklju\u010dajte snagu mobitela s prilago\u0111enim rje\u0161enjima za aplikacije<\/h2>\n\n<p>U dana\u0161njem hiperpovezanom svijetu, robusna mobilna prisutnost neophodna je za tvrtke svih veli\u010dina. U Algocalcu smo specijalizirani za izradu inovativnih mobilnih aplikacija jednostavnih za kori\u0161tenje koje poti\u010du anga\u017eman, pove\u0107avaju produktivnost i daju opipljive rezultate na\u0161im klijentima. <\/p>\n\n<p>Na\u0161 tim iskusnih programera mobilnih aplikacija, UX dizajnera i digitalnih stratega blisko sura\u0111uje s vama kako bi razumjeli va\u0161e jedinstvene poslovne ciljeve, ciljanu publiku i krajobraz industrije. Zatim koristimo najnovije tehnologije, trendove dizajna i dokazane najbolje prakse za izradu prilago\u0111enih mobilnih aplikacija koje se besprijekorno integriraju s va\u0161im postoje\u0107im sustavima i infrastrukturom. <\/p>\n\n<p>Bilo da \u017eelite izgraditi aplikaciju za potro\u0161a\u010de bogatu zna\u010dajkama, poslovno rje\u0161enje za pove\u0107anje produktivnosti ili vrhunsku mobilnu igru, mi imamo stru\u010dnost da va\u0161u viziju pretvorimo u stvarnost. Na\u0161e usluge razvoja mobilnih aplikacija uklju\u010duju: <\/p>\n\n<ul class=\"wp-block-list\">\n<li><strong>Razvoj za iOS i Android<\/strong> : izvorne i vi\u0161eplatformske mobilne aplikacije za maksimalan doseg i izvedbu<\/li>\n\n\n\n<li><strong>Responzivni UI\/UX dizajn<\/strong> : intuitivna, vizualno privla\u010dna su\u010delja koja odu\u0161evljavaju va\u0161e korisnike<\/li>\n\n\n\n<li><strong>Sigurna pozadinska integracija<\/strong> : besprijekorna integracija s va\u0161im postoje\u0107im bazama podataka, API-jima i uslugama u oblaku<\/li>\n\n\n\n<li><strong>Kontinuirano odr\u017eavanje i a\u017euriranja<\/strong> : osiguravamo da va\u0161a aplikacija ostane a\u017eurna, sigurna i optimizirana<\/li>\n\n\n\n<li><strong>Optimizacija trgovine aplikacijama<\/strong> : strategije za pobolj\u0161anje vidljivosti i rangiranja va\u0161e aplikacije u trgovinama aplikacija<\/li>\n<\/ul>\n\n<p>Udru\u017eite se s Algocalcom i otklju\u010dajte puni potencijal mobilnog telefona za svoje poslovanje. Kontaktirajte nas danas da zaka\u017eete konzultacije i dopustite nam da vam pomognemo izraditi prilago\u0111enu mobilnu aplikaciju koja poti\u010de anga\u017eman korisnika, pove\u0107ava produktivnost i daje mjerljive rezultate. <\/p>\n","protected":false},"excerpt":{"rendered":"<p>Otklju\u010dajte snagu mobitela s prilago\u0111enim rje\u0161enjima za aplikacije U dana\u0161njem hiperpovezanom svijetu, robusna mobilna prisutnost neophodna je za tvrtke svih veli\u010dina. U Algocalcu smo specijalizirani za izradu inovativnih mobilnih aplikacija jednostavnih za kori\u0161tenje koje poti\u010du anga\u017eman, pove\u0107avaju produktivnost i daju opipljive rezultate na\u0161im klijentima. Na\u0161 tim iskusnih programera mobilnih aplikacija, UX dizajnera i digitalnih stratega&#8230;<\/p>\n","protected":false},"author":1,"featured_media":0,"parent":0,"menu_order":0,"comment_status":"closed","ping_status":"closed","template":"","meta":{"inline_featured_image":false,"_kad_blocks_custom_css":"","_kad_blocks_head_custom_js":"","_kad_blocks_body_custom_js":"","_kad_blocks_footer_custom_js":"","_monsterinsights_skip_tracking":false,"_monsterinsights_sitenote_active":false,"_monsterinsights_sitenote_note":"","_monsterinsights_sitenote_category":0,"_kadence_starter_templates_imported_post":false,"_kad_post_transparent":"","_kad_post_title":"","_kad_post_layout":"","_kad_post_sidebar_id":"","_kad_post_content_style":"","_kad_post_vertical_padding":"","_kad_post_feature":"","_kad_post_feature_position":"","_kad_post_header":false,"_kad_post_footer":false,"footnotes":""},"class_list":["post-1290","page","type-page","status-publish","hentry"],"aioseo_notices":[],"taxonomy_info":[],"featured_image_src_large":false,"author_info":{"display_name":"admin","author_link":"https:\/\/algocalc.com\/hr\/author\/miljenko-jakovljevicgmail-com\/"},"comment_info":0,"_links":{"self":[{"href":"https:\/\/algocalc.com\/hr\/wp-json\/wp\/v2\/pages\/1290"}],"collection":[{"href":"https:\/\/algocalc.com\/hr\/wp-json\/wp\/v2\/pages"}],"about":[{"href":"https:\/\/algocalc.com\/hr\/wp-json\/wp\/v2\/types\/page"}],"author":[{"embeddable":true,"href":"https:\/\/algocalc.com\/hr\/wp-json\/wp\/v2\/users\/1"}],"replies":[{"embeddable":true,"href":"https:\/\/algocalc.com\/hr\/wp-json\/wp\/v2\/comments?post=1290"}],"version-history":[{"count":1,"href":"https:\/\/algocalc.com\/hr\/wp-json\/wp\/v2\/pages\/1290\/revisions"}],"predecessor-version":[{"id":1292,"href":"https:\/\/algocalc.com\/hr\/wp-json\/wp\/v2\/pages\/1290\/revisions\/1292"}],"wp:attachment":[{"href":"https:\/\/algocalc.com\/hr\/wp-json\/wp\/v2\/media?parent=1290"}],"curies":[{"name":"wp","href":"https:\/\/api.w.org\/{rel}","templated":true}]}}