{"id":1278,"date":"2024-10-21T16:33:21","date_gmt":"2024-10-21T16:33:21","guid":{"rendered":"https:\/\/algocalc.com\/web-aplikacije\/"},"modified":"2024-10-21T16:33:27","modified_gmt":"2024-10-21T16:33:27","slug":"web-aplikacije","status":"publish","type":"page","link":"https:\/\/algocalc.com\/hr\/web-aplikacije\/","title":{"rendered":"Web aplikacije"},"content":{"rendered":"\n<h2 class=\"wp-block-heading\">Revolucionirajte svoje poslovanje s najsuvremenijim web aplikacijama<\/h2>\n\n<p>U dana\u0161njem brzom digitalnom svijetu, inovativne web aplikacije klju\u010d su za otklju\u010davanje nevi\u0111enih razina u\u010dinkovitosti, produktivnosti i rasta va\u0161eg poslovanja. U Algocalcu smo specijalizirani za dizajniranje i razvoj prilago\u0111enih web aplikacija koje osna\u017euju va\u0161u radnu snagu, odu\u0161evljavaju va\u0161e klijente i daju vam konkurentsku prednost. <\/p>\n\n<p>Na\u0161 tim vje\u0161tih programera web aplikacija kombinira tehni\u010dku stru\u010dnost, uvide u industriju i duboko razumijevanje korisni\u010dkog iskustva za stvaranje prilago\u0111enih rje\u0161enja koja se besprijekorno integriraju s va\u0161im postoje\u0107im sustavima i infrastrukturom. Bez obzira trebate li robusnu CRM platformu, analiti\u010dku nadzornu plo\u010du koja se temelji na podacima ili siguran alat za online suradnju, mi imamo mogu\u0107nosti da va\u0161u viziju o\u017eivimo. <\/p>\n\n<p>Kada se udru\u017eite s Algocalcom za svoje potrebe razvoja web aplikacija, mo\u017eete o\u010dekivati:<\/p>\n\n<ul class=\"wp-block-list\">\n<li><strong>Dizajn po narud\u017ebi<\/strong> : Jedinstvena su\u010delja usmjerena na korisnika koja pove\u0107avaju produktivnost i anga\u017eman<\/li>\n\n\n\n<li><strong>Skalabilna arhitektura<\/strong> : robusna, skalabilna i sigurna pozadinska infrastruktura za podr\u0161ku va\u0161em rastu\u0107em poslovanju<\/li>\n\n\n\n<li><strong>Besprijekorna integracija<\/strong> : Besprijekorna integracija s va\u0161im trenutnim sustavima i softverom<\/li>\n\n\n\n<li><strong>Agilna metodologija<\/strong> : Iterativni razvojni pristup za br\u017ee izlazak na tr\u017ei\u0161te i kontinuirano pobolj\u0161anje<\/li>\n\n\n\n<li><strong>Stalna podr\u0161ka<\/strong> : Namjensko odr\u017eavanje i podr\u0161ka nakon lansiranja kako bi se osigurala optimalna izvedba<\/li>\n<\/ul>\n\n<p>Otklju\u010dajte puni potencijal svog poslovanja s prilago\u0111enom web aplikacijom koju su osmislili i razvili stru\u010dnjaci tvrtke Algocalc. Kontaktirajte nas danas da zaka\u017eete konzultacije i dopustite nam da vam pomognemo transformirati va\u0161 digitalni krajolik. <\/p>\n","protected":false},"excerpt":{"rendered":"<p>Revolucionirajte svoje poslovanje s najsuvremenijim web aplikacijama U dana\u0161njem brzom digitalnom svijetu, inovativne web aplikacije klju\u010d su za otklju\u010davanje nevi\u0111enih razina u\u010dinkovitosti, produktivnosti i rasta va\u0161eg poslovanja. U Algocalcu smo specijalizirani za dizajniranje i razvoj prilago\u0111enih web aplikacija koje osna\u017euju va\u0161u radnu snagu, odu\u0161evljavaju va\u0161e klijente i daju vam konkurentsku prednost. Na\u0161 tim vje\u0161tih programera&#8230;<\/p>\n","protected":false},"author":1,"featured_media":0,"parent":0,"menu_order":0,"comment_status":"closed","ping_status":"closed","template":"","meta":{"inline_featured_image":false,"_kad_blocks_custom_css":"","_kad_blocks_head_custom_js":"","_kad_blocks_body_custom_js":"","_kad_blocks_footer_custom_js":"","_monsterinsights_skip_tracking":false,"_monsterinsights_sitenote_active":false,"_monsterinsights_sitenote_note":"","_monsterinsights_sitenote_category":0,"_kadence_starter_templates_imported_post":false,"_kad_post_transparent":"","_kad_post_title":"","_kad_post_layout":"","_kad_post_sidebar_id":"","_kad_post_content_style":"","_kad_post_vertical_padding":"","_kad_post_feature":"","_kad_post_feature_position":"","_kad_post_header":false,"_kad_post_footer":false,"footnotes":""},"class_list":["post-1278","page","type-page","status-publish","hentry"],"aioseo_notices":[],"taxonomy_info":[],"featured_image_src_large":false,"author_info":{"display_name":"admin","author_link":"https:\/\/algocalc.com\/hr\/author\/miljenko-jakovljevicgmail-com\/"},"comment_info":0,"_links":{"self":[{"href":"https:\/\/algocalc.com\/hr\/wp-json\/wp\/v2\/pages\/1278"}],"collection":[{"href":"https:\/\/algocalc.com\/hr\/wp-json\/wp\/v2\/pages"}],"about":[{"href":"https:\/\/algocalc.com\/hr\/wp-json\/wp\/v2\/types\/page"}],"author":[{"embeddable":true,"href":"https:\/\/algocalc.com\/hr\/wp-json\/wp\/v2\/users\/1"}],"replies":[{"embeddable":true,"href":"https:\/\/algocalc.com\/hr\/wp-json\/wp\/v2\/comments?post=1278"}],"version-history":[{"count":1,"href":"https:\/\/algocalc.com\/hr\/wp-json\/wp\/v2\/pages\/1278\/revisions"}],"predecessor-version":[{"id":1280,"href":"https:\/\/algocalc.com\/hr\/wp-json\/wp\/v2\/pages\/1278\/revisions\/1280"}],"wp:attachment":[{"href":"https:\/\/algocalc.com\/hr\/wp-json\/wp\/v2\/media?parent=1278"}],"curies":[{"name":"wp","href":"https:\/\/api.w.org\/{rel}","templated":true}]}}