{"id":1266,"date":"2024-10-21T16:29:46","date_gmt":"2024-10-21T16:29:46","guid":{"rendered":"https:\/\/algocalc.com\/web-dizajn\/"},"modified":"2024-10-21T16:29:52","modified_gmt":"2024-10-21T16:29:52","slug":"web-dizajn","status":"publish","type":"page","link":"https:\/\/algocalc.com\/hr\/web-dizajn\/","title":{"rendered":"Web dizajn"},"content":{"rendered":"\n<h2 class=\"wp-block-heading\">O\u017eivite svoju viziju uz na\u0161e usluge stru\u010dnog web dizajna<\/h2>\n\n<p>U dana\u0161njem digitalnom okru\u017eenju, uvjerljivo i korisniku prilago\u0111eno web mjesto klju\u010dno je za uspjeh svakog poslovanja. U Algocalcu smo specijalizirani za izradu prilago\u0111enih web dizajna koji ne samo da privla\u010de va\u0161u publiku, ve\u0107 i poti\u010du konverzije i rast. <\/p>\n\n<p>Na\u0161 tim iskusnih web dizajnera i programera blisko sura\u0111uje s vama kako bi razumjeli va\u0161e jedinstvene poslovne potrebe, ciljanu publiku i identitet robne marke. Zatim koristimo najnovije trendove u dizajnu, vrhunske tehnologije i dokazane najbolje prakse kako bismo stvorili web stranicu koja doista odra\u017eava osobnost va\u0161e tvrtke i koja se isti\u010de na prenapu\u010denom online tr\u017ei\u0161tu. <\/p>\n\n<p>Bilo da \u017eelite izgraditi novu web stranicu od nule ili osvje\u017eiti svoju postoje\u0107u online prisutnost, mi imamo vje\u0161tine i stru\u010dnost za postizanje iznimnih rezultata. Na\u0161e usluge uklju\u010duju: <\/p>\n\n<ul class=\"wp-block-list\">\n<li><strong>Prilago\u0111eni web dizajn<\/strong> : jedinstveni, responzivni dizajni prilago\u0111eni va\u0161em brendu i industriji<\/li>\n\n\n\n<li><strong>Rje\u0161enja za e-trgovinu<\/strong> : besprijekorna online kupnja koja poti\u010de prodaju<\/li>\n\n\n\n<li><strong>Sustavi za upravljanje sadr\u017eajem<\/strong> : intuitivne platforme za jednostavno upravljanje sadr\u017eajem va\u0161e web stranice<\/li>\n\n\n\n<li><strong>Optimizacija za tra\u017eilice<\/strong> : strategije za pobolj\u0161anje vidljivosti i rangiranja va\u0161e web stranice<\/li>\n\n\n\n<li><strong>Kontinuirano odr\u017eavanje i podr\u0161ka<\/strong> : Osiguravamo da va\u0161a web stranica ostane a\u017eurna i sigurna<\/li>\n<\/ul>\n\n<p>Udru\u017eite se s Algocalcom i dopustite nam da transformiramo va\u0161u digitalnu prisutnost u mo\u0107an marketin\u0161ki alat koji generira potencijalne kupce, poti\u010de anga\u017eman kupaca i poti\u010de odr\u017eivi rast va\u0161eg poslovanja. Kontaktirajte nas danas da biste zapo\u010deli! <\/p>\n","protected":false},"excerpt":{"rendered":"<p>O\u017eivite svoju viziju uz na\u0161e usluge stru\u010dnog web dizajna U dana\u0161njem digitalnom okru\u017eenju, uvjerljivo i korisniku prilago\u0111eno web mjesto klju\u010dno je za uspjeh svakog poslovanja. U Algocalcu smo specijalizirani za izradu prilago\u0111enih web dizajna koji ne samo da privla\u010de va\u0161u publiku, ve\u0107 i poti\u010du konverzije i rast. Na\u0161 tim iskusnih web dizajnera i programera blisko&#8230;<\/p>\n","protected":false},"author":1,"featured_media":0,"parent":0,"menu_order":0,"comment_status":"closed","ping_status":"closed","template":"","meta":{"inline_featured_image":false,"_kad_blocks_custom_css":"","_kad_blocks_head_custom_js":"","_kad_blocks_body_custom_js":"","_kad_blocks_footer_custom_js":"","_monsterinsights_skip_tracking":false,"_monsterinsights_sitenote_active":false,"_monsterinsights_sitenote_note":"","_monsterinsights_sitenote_category":0,"_kadence_starter_templates_imported_post":false,"_kad_post_transparent":"","_kad_post_title":"","_kad_post_layout":"","_kad_post_sidebar_id":"","_kad_post_content_style":"","_kad_post_vertical_padding":"","_kad_post_feature":"","_kad_post_feature_position":"","_kad_post_header":false,"_kad_post_footer":false,"footnotes":""},"class_list":["post-1266","page","type-page","status-publish","hentry"],"aioseo_notices":[],"taxonomy_info":[],"featured_image_src_large":false,"author_info":{"display_name":"admin","author_link":"https:\/\/algocalc.com\/hr\/author\/miljenko-jakovljevicgmail-com\/"},"comment_info":0,"_links":{"self":[{"href":"https:\/\/algocalc.com\/hr\/wp-json\/wp\/v2\/pages\/1266"}],"collection":[{"href":"https:\/\/algocalc.com\/hr\/wp-json\/wp\/v2\/pages"}],"about":[{"href":"https:\/\/algocalc.com\/hr\/wp-json\/wp\/v2\/types\/page"}],"author":[{"embeddable":true,"href":"https:\/\/algocalc.com\/hr\/wp-json\/wp\/v2\/users\/1"}],"replies":[{"embeddable":true,"href":"https:\/\/algocalc.com\/hr\/wp-json\/wp\/v2\/comments?post=1266"}],"version-history":[{"count":1,"href":"https:\/\/algocalc.com\/hr\/wp-json\/wp\/v2\/pages\/1266\/revisions"}],"predecessor-version":[{"id":1267,"href":"https:\/\/algocalc.com\/hr\/wp-json\/wp\/v2\/pages\/1266\/revisions\/1267"}],"wp:attachment":[{"href":"https:\/\/algocalc.com\/hr\/wp-json\/wp\/v2\/media?parent=1266"}],"curies":[{"name":"wp","href":"https:\/\/api.w.org\/{rel}","templated":true}]}}