{"id":1090,"date":"2024-10-04T15:12:49","date_gmt":"2024-10-04T15:12:49","guid":{"rendered":"https:\/\/algocalc.com\/odvjetnici\/"},"modified":"2025-01-12T17:28:49","modified_gmt":"2025-01-12T17:28:49","slug":"pravne-informacije","status":"publish","type":"page","link":"https:\/\/algocalc.com\/hr\/pravne-informacije\/","title":{"rendered":"Pravne informacije"},"content":{"rendered":"\n<p>Ovo su pravne informacije o Algocalc doo prema hrvatskom Zakonu o trgova\u010dkim dru\u0161tvima:<\/p>\n\n<p>Naziv tvrtke: Algocalc d.o.o.<\/p>\n\n<p>Adresa i sjedi\u0161te: Gori\u010danci 4, 10040 Zagreb, Hrvatska, Europska unija<\/p>\n\n<p>  E-mail: office@algocalc.com  <\/p>\n\n<p>Telefon: +385-95 711 2536<\/p>\n\n<p>OIB (osobni identifikacijski broj): 32744112068<\/p>\n\n<p>Mati\u010dni broj subjekta (MBS): 081606999<\/p>\n\n<p>EUID: HRSR.081606999<\/p>\n\n<p>PDV ID broj: HR32744112068<\/p>\n\n<p>Tvrtka registrirana pri Trgova\u010dkom sudu u Zagrebu, Hrvatska, Europska unija<\/p>\n\n<p>Temeljni kapital od 2.500,00 EUR upla\u0107en u cijelosti<\/p>\n\n<p>Direktor: Miljenko Jakovljevi\u0107, B.Sc.<\/p>\n","protected":false},"excerpt":{"rendered":"<p>Ovo su pravne informacije o Algocalc doo prema hrvatskom Zakonu o trgova\u010dkim dru\u0161tvima: Naziv tvrtke: Algocalc d.o.o. Adresa i sjedi\u0161te: Gori\u010danci 4, 10040 Zagreb, Hrvatska, Europska unija E-mail: office@algocalc.com Telefon: +385-95 711 2536 OIB (osobni identifikacijski broj): 32744112068 Mati\u010dni broj subjekta (MBS): 081606999 EUID: HRSR.081606999 PDV ID broj: HR32744112068 Tvrtka registrirana pri Trgova\u010dkom sudu u&#8230;<\/p>\n","protected":false},"author":1,"featured_media":1098,"parent":0,"menu_order":0,"comment_status":"closed","ping_status":"closed","template":"elementor_theme","meta":{"inline_featured_image":false,"_kad_blocks_custom_css":"","_kad_blocks_head_custom_js":"","_kad_blocks_body_custom_js":"","_kad_blocks_footer_custom_js":"","_monsterinsights_skip_tracking":false,"_monsterinsights_sitenote_active":false,"_monsterinsights_sitenote_note":"","_monsterinsights_sitenote_category":0,"_kadence_starter_templates_imported_post":false,"_kad_post_transparent":"","_kad_post_title":"","_kad_post_layout":"","_kad_post_sidebar_id":"","_kad_post_content_style":"","_kad_post_vertical_padding":"","_kad_post_feature":"","_kad_post_feature_position":"","_kad_post_header":false,"_kad_post_footer":false,"footnotes":""},"class_list":["post-1090","page","type-page","status-publish","has-post-thumbnail","hentry"],"aioseo_notices":[],"taxonomy_info":[],"featured_image_src_large":["https:\/\/algocalc.com\/wp-content\/uploads\/2024\/10\/premium_photo-1661497281000-b5ecb39a2114.avif",500,333,false],"author_info":{"display_name":"admin","author_link":"https:\/\/algocalc.com\/hr\/author\/miljenko-jakovljevicgmail-com\/"},"comment_info":0,"_links":{"self":[{"href":"https:\/\/algocalc.com\/hr\/wp-json\/wp\/v2\/pages\/1090"}],"collection":[{"href":"https:\/\/algocalc.com\/hr\/wp-json\/wp\/v2\/pages"}],"about":[{"href":"https:\/\/algocalc.com\/hr\/wp-json\/wp\/v2\/types\/page"}],"author":[{"embeddable":true,"href":"https:\/\/algocalc.com\/hr\/wp-json\/wp\/v2\/users\/1"}],"replies":[{"embeddable":true,"href":"https:\/\/algocalc.com\/hr\/wp-json\/wp\/v2\/comments?post=1090"}],"version-history":[{"count":15,"href":"https:\/\/algocalc.com\/hr\/wp-json\/wp\/v2\/pages\/1090\/revisions"}],"predecessor-version":[{"id":1786,"href":"https:\/\/algocalc.com\/hr\/wp-json\/wp\/v2\/pages\/1090\/revisions\/1786"}],"wp:featuredmedia":[{"embeddable":true,"href":"https:\/\/algocalc.com\/hr\/wp-json\/wp\/v2\/media\/1098"}],"wp:attachment":[{"href":"https:\/\/algocalc.com\/hr\/wp-json\/wp\/v2\/media?parent=1090"}],"curies":[{"name":"wp","href":"https:\/\/api.w.org\/{rel}","templated":true}]}}