{"id":1303,"date":"2024-10-22T14:33:23","date_gmt":"2024-10-22T14:33:23","guid":{"rendered":"https:\/\/algocalc.com\/systemes-embarques\/"},"modified":"2024-10-22T14:33:29","modified_gmt":"2024-10-22T14:33:29","slug":"systemes-embarques","status":"publish","type":"page","link":"https:\/\/algocalc.com\/fr\/systemes-embarques\/","title":{"rendered":"Syst\u00e8mes embarqu\u00e9s"},"content":{"rendered":"\n<h1 class=\"wp-block-heading\">D\u00e9veloppement professionnel de syst\u00e8mes embarqu\u00e9s<\/h1>\n\n<p>Nous fournissons des services de d\u00e9veloppement de syst\u00e8mes embarqu\u00e9s ax\u00e9s sur des solutions efficaces et fiables pour les appareils connect\u00e9s. Notre \u00e9quipe travaille avec des technologies \u00e9tablies pour aider \u00e0 amener vos concepts mat\u00e9riels \u00e0 la production. <\/p>\n\n<h2 class=\"wp-block-heading\">Domaines d&rsquo;action technique<\/h2>\n\n<p>Notre travail de d\u00e9veloppement est centr\u00e9 sur les impl\u00e9mentations de Linux embarqu\u00e9, o\u00f9 nous appliquons des techniques de personnalisation du noyau et d&rsquo;optimisation du syst\u00e8me pour r\u00e9pondre aux exigences sp\u00e9cifiques du projet. En utilisant les frameworks Yocto et Buildroot, nous construisons des distributions Linux adapt\u00e9es \u00e0 des configurations mat\u00e9rielles particuli\u00e8res, en incorporant des m\u00e9canismes de d\u00e9marrage s\u00e9curis\u00e9 et des capacit\u00e9s de mise \u00e0 jour si n\u00e9cessaire. <\/p>\n\n<p>Pour le d\u00e9veloppement d&rsquo;applications, nous mettons en \u0153uvre des solutions en C++ moderne, en nous concentrant sur l&rsquo;efficacit\u00e9 des ressources et les performances du syst\u00e8me. Cette approche est particuli\u00e8rement pertinente dans les environnements embarqu\u00e9s, o\u00f9 les ressources mat\u00e9rielles pr\u00e9sentent souvent des contraintes qui n\u00e9cessitent une attention particuli\u00e8re pendant le d\u00e9veloppement. <\/p>\n\n<p>Le cadre Qt sert de base au d\u00e9veloppement de l&rsquo;interface utilisateur. Il permet de cr\u00e9er des interfaces r\u00e9actives avec des capacit\u00e9s graphiques acc\u00e9l\u00e9r\u00e9es par le mat\u00e9riel, offrant une exp\u00e9rience coh\u00e9rente sur diff\u00e9rentes plates-formes et diff\u00e9rents types d&rsquo;appareils. <\/p>\n\n<h2 class=\"wp-block-heading\">Approche du d\u00e9veloppement<\/h2>\n\n<p>Notre processus met l&rsquo;accent sur une analyse approfondie des besoins et des tests syst\u00e9matiques tout au long du d\u00e9veloppement. Nous nous attachons \u00e0 cr\u00e9er des solutions faciles \u00e0 maintenir, conformes aux normes et aux meilleures pratiques du secteur. Chaque projet fait l&rsquo;objet d&rsquo;une documentation appropri\u00e9e afin d&rsquo;en assurer la maintenance \u00e0 long terme et le d\u00e9veloppement futur.  <\/p>\n\n<p>L&rsquo;\u00e9quipe maintient une communication r\u00e9guli\u00e8re tout au long des projets, en fournissant des mises \u00e0 jour claires sur les progr\u00e8s accomplis et en relevant les d\u00e9fis techniques au fur et \u00e0 mesure qu&rsquo;ils se pr\u00e9sentent. Cela permet d&rsquo;aligner les efforts de d\u00e9veloppement sur les objectifs du projet. <\/p>\n\n<p>Pour discuter de vos besoins en mati\u00e8re de syst\u00e8mes embarqu\u00e9s, veuillez nous contacter.<\/p>\n","protected":false},"excerpt":{"rendered":"<p>D\u00e9veloppement professionnel de syst\u00e8mes embarqu\u00e9s Nous fournissons des services de d\u00e9veloppement de syst\u00e8mes embarqu\u00e9s ax\u00e9s sur des solutions efficaces et fiables pour les appareils connect\u00e9s. Notre \u00e9quipe travaille avec des technologies \u00e9tablies pour aider \u00e0 amener vos concepts mat\u00e9riels \u00e0 la production. Domaines d&rsquo;action technique Notre travail de d\u00e9veloppement est centr\u00e9 sur les impl\u00e9mentations de&#8230;<\/p>\n","protected":false},"author":1,"featured_media":0,"parent":0,"menu_order":0,"comment_status":"closed","ping_status":"closed","template":"","meta":{"inline_featured_image":false,"_kad_blocks_custom_css":"","_kad_blocks_head_custom_js":"","_kad_blocks_body_custom_js":"","_kad_blocks_footer_custom_js":"","_monsterinsights_skip_tracking":false,"_monsterinsights_sitenote_active":false,"_monsterinsights_sitenote_note":"","_monsterinsights_sitenote_category":0,"_kadence_starter_templates_imported_post":false,"_kad_post_transparent":"","_kad_post_title":"","_kad_post_layout":"","_kad_post_sidebar_id":"","_kad_post_content_style":"","_kad_post_vertical_padding":"","_kad_post_feature":"","_kad_post_feature_position":"","_kad_post_header":false,"_kad_post_footer":false,"footnotes":""},"class_list":["post-1303","page","type-page","status-publish","hentry"],"aioseo_notices":[],"taxonomy_info":[],"featured_image_src_large":false,"author_info":{"display_name":"admin","author_link":"https:\/\/algocalc.com\/fr\/author\/miljenko-jakovljevicgmail-com\/"},"comment_info":0,"_links":{"self":[{"href":"https:\/\/algocalc.com\/fr\/wp-json\/wp\/v2\/pages\/1303"}],"collection":[{"href":"https:\/\/algocalc.com\/fr\/wp-json\/wp\/v2\/pages"}],"about":[{"href":"https:\/\/algocalc.com\/fr\/wp-json\/wp\/v2\/types\/page"}],"author":[{"embeddable":true,"href":"https:\/\/algocalc.com\/fr\/wp-json\/wp\/v2\/users\/1"}],"replies":[{"embeddable":true,"href":"https:\/\/algocalc.com\/fr\/wp-json\/wp\/v2\/comments?post=1303"}],"version-history":[{"count":1,"href":"https:\/\/algocalc.com\/fr\/wp-json\/wp\/v2\/pages\/1303\/revisions"}],"predecessor-version":[{"id":1305,"href":"https:\/\/algocalc.com\/fr\/wp-json\/wp\/v2\/pages\/1303\/revisions\/1305"}],"wp:attachment":[{"href":"https:\/\/algocalc.com\/fr\/wp-json\/wp\/v2\/media?parent=1303"}],"curies":[{"name":"wp","href":"https:\/\/api.w.org\/{rel}","templated":true}]}}