{"id":1287,"date":"2024-10-21T16:36:31","date_gmt":"2024-10-21T16:36:31","guid":{"rendered":"https:\/\/algocalc.com\/applications-mobiles\/"},"modified":"2024-10-21T16:36:37","modified_gmt":"2024-10-21T16:36:37","slug":"applications-mobiles","status":"publish","type":"page","link":"https:\/\/algocalc.com\/fr\/applications-mobiles\/","title":{"rendered":"Applications mobiles"},"content":{"rendered":"\n<h2 class=\"wp-block-heading\">Lib\u00e9rez la puissance de la t\u00e9l\u00e9phonie mobile gr\u00e2ce \u00e0 des solutions d&rsquo;applications personnalis\u00e9es<\/h2>\n\n<p>Dans le monde hyperconnect\u00e9 d&rsquo;aujourd&rsquo;hui, une pr\u00e9sence mobile robuste est essentielle pour les entreprises de toutes tailles. Chez Algocalc, nous sommes sp\u00e9cialis\u00e9s dans la cr\u00e9ation d&rsquo;applications mobiles innovantes et conviviales qui stimulent l&rsquo;engagement, augmentent la productivit\u00e9 et apportent des r\u00e9sultats tangibles \u00e0 nos clients. <\/p>\n\n<p>Notre \u00e9quipe de d\u00e9veloppeurs d&rsquo;applications mobiles, de concepteurs UX et de strat\u00e8ges num\u00e9riques exp\u00e9riment\u00e9s travaille en \u00e9troite collaboration avec vous pour comprendre vos objectifs commerciaux uniques, votre public cible et le paysage de votre secteur d&rsquo;activit\u00e9. Nous nous appuyons ensuite sur les derni\u00e8res technologies, les tendances en mati\u00e8re de conception et les meilleures pratiques \u00e9prouv\u00e9es pour cr\u00e9er des applications mobiles personnalis\u00e9es qui s&rsquo;int\u00e8grent de mani\u00e8re transparente \u00e0 vos syst\u00e8mes et infrastructures existants. <\/p>\n\n<p>Que vous souhaitiez cr\u00e9er une application grand public riche en fonctionnalit\u00e9s, une solution d&rsquo;entreprise am\u00e9liorant la productivit\u00e9 ou un jeu mobile de pointe, nous disposons de l&rsquo;expertise n\u00e9cessaire pour faire de votre vision une r\u00e9alit\u00e9. Nos services de d\u00e9veloppement d&rsquo;applications mobiles comprennent : <\/p>\n\n<ul class=\"wp-block-list\">\n<li><strong>D\u00e9veloppement iOS et Android<\/strong>: Applications mobiles natives et multiplateformes pour une port\u00e9e et des performances maximales.<\/li>\n\n\n\n<li><strong>Conception d&rsquo;interfaces utilisateur-utilisateur r\u00e9actives<\/strong>: Des interfaces intuitives et visuellement attrayantes qui ravissent vos utilisateurs.<\/li>\n\n\n\n<li><strong>Int\u00e9gration s\u00e9curis\u00e9e du backend<\/strong>: Int\u00e9gration transparente avec vos bases de donn\u00e9es, API et services en nuage existants.<\/li>\n\n\n\n<li><strong>Maintenance et mises \u00e0 jour continues<\/strong>: Veiller \u00e0 ce que votre application reste \u00e0 jour, s\u00e9curis\u00e9e et optimis\u00e9e.<\/li>\n\n\n\n<li><strong>Optimisation de l&rsquo;App Store<\/strong>: Strat\u00e9gies pour am\u00e9liorer la visibilit\u00e9 et le classement de votre application dans les magasins d&rsquo;applications.<\/li>\n<\/ul>\n\n<p>Associez-vous \u00e0 Algocalc et lib\u00e9rez tout le potentiel de la t\u00e9l\u00e9phonie mobile pour votre entreprise. Contactez-nous d\u00e8s aujourd&rsquo;hui pour planifier une consultation et laissez-nous vous aider \u00e0 cr\u00e9er une application mobile personnalis\u00e9e qui stimule l&rsquo;engagement des utilisateurs, augmente la productivit\u00e9 et fournit des r\u00e9sultats mesurables. <\/p>\n","protected":false},"excerpt":{"rendered":"<p>Lib\u00e9rez la puissance de la t\u00e9l\u00e9phonie mobile gr\u00e2ce \u00e0 des solutions d&rsquo;applications personnalis\u00e9es Dans le monde hyperconnect\u00e9 d&rsquo;aujourd&rsquo;hui, une pr\u00e9sence mobile robuste est essentielle pour les entreprises de toutes tailles. Chez Algocalc, nous sommes sp\u00e9cialis\u00e9s dans la cr\u00e9ation d&rsquo;applications mobiles innovantes et conviviales qui stimulent l&rsquo;engagement, augmentent la productivit\u00e9 et apportent des r\u00e9sultats tangibles \u00e0&#8230;<\/p>\n","protected":false},"author":1,"featured_media":0,"parent":0,"menu_order":0,"comment_status":"closed","ping_status":"closed","template":"","meta":{"inline_featured_image":false,"_kad_blocks_custom_css":"","_kad_blocks_head_custom_js":"","_kad_blocks_body_custom_js":"","_kad_blocks_footer_custom_js":"","_monsterinsights_skip_tracking":false,"_monsterinsights_sitenote_active":false,"_monsterinsights_sitenote_note":"","_monsterinsights_sitenote_category":0,"_kadence_starter_templates_imported_post":false,"_kad_post_transparent":"","_kad_post_title":"","_kad_post_layout":"","_kad_post_sidebar_id":"","_kad_post_content_style":"","_kad_post_vertical_padding":"","_kad_post_feature":"","_kad_post_feature_position":"","_kad_post_header":false,"_kad_post_footer":false,"footnotes":""},"class_list":["post-1287","page","type-page","status-publish","hentry"],"aioseo_notices":[],"taxonomy_info":[],"featured_image_src_large":false,"author_info":{"display_name":"admin","author_link":"https:\/\/algocalc.com\/fr\/author\/miljenko-jakovljevicgmail-com\/"},"comment_info":0,"_links":{"self":[{"href":"https:\/\/algocalc.com\/fr\/wp-json\/wp\/v2\/pages\/1287"}],"collection":[{"href":"https:\/\/algocalc.com\/fr\/wp-json\/wp\/v2\/pages"}],"about":[{"href":"https:\/\/algocalc.com\/fr\/wp-json\/wp\/v2\/types\/page"}],"author":[{"embeddable":true,"href":"https:\/\/algocalc.com\/fr\/wp-json\/wp\/v2\/users\/1"}],"replies":[{"embeddable":true,"href":"https:\/\/algocalc.com\/fr\/wp-json\/wp\/v2\/comments?post=1287"}],"version-history":[{"count":1,"href":"https:\/\/algocalc.com\/fr\/wp-json\/wp\/v2\/pages\/1287\/revisions"}],"predecessor-version":[{"id":1289,"href":"https:\/\/algocalc.com\/fr\/wp-json\/wp\/v2\/pages\/1287\/revisions\/1289"}],"wp:attachment":[{"href":"https:\/\/algocalc.com\/fr\/wp-json\/wp\/v2\/media?parent=1287"}],"curies":[{"name":"wp","href":"https:\/\/api.w.org\/{rel}","templated":true}]}}