{"id":1275,"date":"2024-10-21T16:33:21","date_gmt":"2024-10-21T16:33:21","guid":{"rendered":"https:\/\/algocalc.com\/applications-web\/"},"modified":"2024-10-21T16:33:27","modified_gmt":"2024-10-21T16:33:27","slug":"applications-web","status":"publish","type":"page","link":"https:\/\/algocalc.com\/fr\/applications-web\/","title":{"rendered":"Applications Web"},"content":{"rendered":"\n<h2 class=\"wp-block-heading\">R\u00e9volutionnez votre entreprise gr\u00e2ce \u00e0 des applications web de pointe<\/h2>\n\n<p>Dans le monde num\u00e9rique d&rsquo;aujourd&rsquo;hui, les applications web innovantes sont la cl\u00e9 pour d\u00e9bloquer des niveaux sans pr\u00e9c\u00e9dent d&rsquo;efficacit\u00e9, de productivit\u00e9 et de croissance pour votre entreprise. Chez Algocalc, nous sommes sp\u00e9cialis\u00e9s dans la conception et le d\u00e9veloppement d&rsquo;applications web personnalis\u00e9es qui renforcent votre personnel, ravissent vos clients et vous donnent un avantage concurrentiel. <\/p>\n\n<p>Notre \u00e9quipe de d\u00e9veloppeurs d&rsquo;applications web qualifi\u00e9s allie expertise technique, connaissance du secteur et compr\u00e9hension approfondie de l&rsquo;exp\u00e9rience utilisateur pour cr\u00e9er des solutions sur mesure qui s&rsquo;int\u00e8grent de mani\u00e8re transparente \u00e0 vos syst\u00e8mes et infrastructures existants. Que vous ayez besoin d&rsquo;une plateforme CRM robuste, d&rsquo;un tableau de bord analytique ou d&rsquo;un outil de collaboration en ligne s\u00e9curis\u00e9, nous avons les capacit\u00e9s n\u00e9cessaires pour donner vie \u00e0 votre vision. <\/p>\n\n<p>Lorsque vous vous associez \u00e0 Algocalc pour vos besoins en d\u00e9veloppement d&rsquo;applications web, vous pouvez vous attendre \u00e0.. :<\/p>\n\n<ul class=\"wp-block-list\">\n<li><strong>Conceptions sur mesure<\/strong>: Des interfaces uniques, centr\u00e9es sur l&rsquo;utilisateur, qui am\u00e9liorent la productivit\u00e9 et l&rsquo;engagement.<\/li>\n\n\n\n<li><strong>Architecture \u00e9volutive<\/strong>: Infrastructure dorsale robuste, \u00e9volutive et s\u00e9curis\u00e9e pour soutenir la croissance de votre entreprise.<\/li>\n\n\n\n<li><strong>Int\u00e9gration transparente<\/strong>: Int\u00e9gration transparente avec vos syst\u00e8mes et logiciels actuels<\/li>\n\n\n\n<li><strong>M\u00e9thodologie agile<\/strong>: Approche it\u00e9rative du d\u00e9veloppement pour une mise sur le march\u00e9 plus rapide et une am\u00e9lioration continue.<\/li>\n\n\n\n<li><strong>Support continu<\/strong>: Maintenance et assistance d\u00e9di\u00e9es apr\u00e8s le lancement pour garantir des performances optimales.<\/li>\n<\/ul>\n\n<p>Lib\u00e9rez le plein potentiel de votre entreprise avec une application web personnalis\u00e9e con\u00e7ue et d\u00e9velopp\u00e9e par les experts d&rsquo;Algocalc. Contactez-nous d\u00e8s aujourd&rsquo;hui pour planifier une consultation et laissez-nous vous aider \u00e0 transformer votre paysage num\u00e9rique. <\/p>\n","protected":false},"excerpt":{"rendered":"<p>R\u00e9volutionnez votre entreprise gr\u00e2ce \u00e0 des applications web de pointe Dans le monde num\u00e9rique d&rsquo;aujourd&rsquo;hui, les applications web innovantes sont la cl\u00e9 pour d\u00e9bloquer des niveaux sans pr\u00e9c\u00e9dent d&rsquo;efficacit\u00e9, de productivit\u00e9 et de croissance pour votre entreprise. Chez Algocalc, nous sommes sp\u00e9cialis\u00e9s dans la conception et le d\u00e9veloppement d&rsquo;applications web personnalis\u00e9es qui renforcent votre personnel,&#8230;<\/p>\n","protected":false},"author":1,"featured_media":0,"parent":0,"menu_order":0,"comment_status":"closed","ping_status":"closed","template":"","meta":{"inline_featured_image":false,"_kad_blocks_custom_css":"","_kad_blocks_head_custom_js":"","_kad_blocks_body_custom_js":"","_kad_blocks_footer_custom_js":"","_monsterinsights_skip_tracking":false,"_monsterinsights_sitenote_active":false,"_monsterinsights_sitenote_note":"","_monsterinsights_sitenote_category":0,"_kadence_starter_templates_imported_post":false,"_kad_post_transparent":"","_kad_post_title":"","_kad_post_layout":"","_kad_post_sidebar_id":"","_kad_post_content_style":"","_kad_post_vertical_padding":"","_kad_post_feature":"","_kad_post_feature_position":"","_kad_post_header":false,"_kad_post_footer":false,"footnotes":""},"class_list":["post-1275","page","type-page","status-publish","hentry"],"aioseo_notices":[],"taxonomy_info":[],"featured_image_src_large":false,"author_info":{"display_name":"admin","author_link":"https:\/\/algocalc.com\/fr\/author\/miljenko-jakovljevicgmail-com\/"},"comment_info":0,"_links":{"self":[{"href":"https:\/\/algocalc.com\/fr\/wp-json\/wp\/v2\/pages\/1275"}],"collection":[{"href":"https:\/\/algocalc.com\/fr\/wp-json\/wp\/v2\/pages"}],"about":[{"href":"https:\/\/algocalc.com\/fr\/wp-json\/wp\/v2\/types\/page"}],"author":[{"embeddable":true,"href":"https:\/\/algocalc.com\/fr\/wp-json\/wp\/v2\/users\/1"}],"replies":[{"embeddable":true,"href":"https:\/\/algocalc.com\/fr\/wp-json\/wp\/v2\/comments?post=1275"}],"version-history":[{"count":1,"href":"https:\/\/algocalc.com\/fr\/wp-json\/wp\/v2\/pages\/1275\/revisions"}],"predecessor-version":[{"id":1277,"href":"https:\/\/algocalc.com\/fr\/wp-json\/wp\/v2\/pages\/1275\/revisions\/1277"}],"wp:attachment":[{"href":"https:\/\/algocalc.com\/fr\/wp-json\/wp\/v2\/media?parent=1275"}],"curies":[{"name":"wp","href":"https:\/\/api.w.org\/{rel}","templated":true}]}}