{"id":1264,"date":"2024-10-21T16:29:46","date_gmt":"2024-10-21T16:29:46","guid":{"rendered":"https:\/\/algocalc.com\/conception-de-sites-web\/"},"modified":"2024-10-21T16:29:52","modified_gmt":"2024-10-21T16:29:52","slug":"conception-de-sites-web","status":"publish","type":"page","link":"https:\/\/algocalc.com\/fr\/conception-de-sites-web\/","title":{"rendered":"Conception de sites web"},"content":{"rendered":"\n<h2 class=\"wp-block-heading\">Donnez vie \u00e0 votre vision gr\u00e2ce \u00e0 nos services d&rsquo;experts en conception de sites web<\/h2>\n\n<p>Dans le paysage num\u00e9rique d&rsquo;aujourd&rsquo;hui, un site web attrayant et convivial est essentiel au succ\u00e8s de toute entreprise. Chez Algocalc, nous sommes sp\u00e9cialis\u00e9s dans la conception de sites web personnalis\u00e9s qui non seulement captivent votre public, mais aussi g\u00e9n\u00e8rent des conversions et de la croissance. <\/p>\n\n<p>Notre \u00e9quipe de concepteurs et de d\u00e9veloppeurs web exp\u00e9riment\u00e9s travaille en \u00e9troite collaboration avec vous pour comprendre les besoins uniques de votre entreprise, votre public cible et l&rsquo;identit\u00e9 de votre marque. Nous nous appuyons ensuite sur les derni\u00e8res tendances en mati\u00e8re de design, les technologies de pointe et les meilleures pratiques \u00e9prouv\u00e9es pour cr\u00e9er un site web qui refl\u00e8te v\u00e9ritablement la personnalit\u00e9 de votre entreprise et se d\u00e9marque sur le march\u00e9 en ligne tr\u00e8s encombr\u00e9. <\/p>\n\n<p>Que vous souhaitiez cr\u00e9er un nouveau site web \u00e0 partir de z\u00e9ro ou rafra\u00eechir votre pr\u00e9sence en ligne existante, nous disposons des comp\u00e9tences et de l&rsquo;expertise n\u00e9cessaires pour obtenir des r\u00e9sultats exceptionnels. Nos services comprennent : <\/p>\n\n<ul class=\"wp-block-list\">\n<li><strong>Conception de sites Web personnalis\u00e9s<\/strong>: Des conceptions uniques et r\u00e9actives adapt\u00e9es \u00e0 votre marque et \u00e0 votre secteur d&rsquo;activit\u00e9.<\/li>\n\n\n\n<li><strong>Solutions de commerce \u00e9lectronique<\/strong>: Des exp\u00e9riences d&rsquo;achat en ligne transparentes qui stimulent les ventes<\/li>\n\n\n\n<li><strong>Syst\u00e8mes de gestion de contenu<\/strong>: Plateformes intuitives permettant de g\u00e9rer facilement le contenu de votre site web<\/li>\n\n\n\n<li><strong>Optimisation des moteurs de recherche<\/strong>: Strat\u00e9gies pour am\u00e9liorer la visibilit\u00e9 et le classement de votre site web<\/li>\n\n\n\n<li><strong>Maintenance et support continus<\/strong>: Veiller \u00e0 ce que votre site Web reste \u00e0 jour et s\u00e9curis\u00e9<\/li>\n<\/ul>\n\n<p>Faites \u00e9quipe avec Algocalc et laissez-nous transformer votre pr\u00e9sence num\u00e9rique en un puissant outil de marketing qui g\u00e9n\u00e8re des prospects, stimule l&rsquo;engagement des clients et g\u00e9n\u00e8re une croissance durable pour votre entreprise. Contactez-nous d\u00e8s aujourd&rsquo;hui pour commencer ! <\/p>\n","protected":false},"excerpt":{"rendered":"<p>Donnez vie \u00e0 votre vision gr\u00e2ce \u00e0 nos services d&rsquo;experts en conception de sites web Dans le paysage num\u00e9rique d&rsquo;aujourd&rsquo;hui, un site web attrayant et convivial est essentiel au succ\u00e8s de toute entreprise. Chez Algocalc, nous sommes sp\u00e9cialis\u00e9s dans la conception de sites web personnalis\u00e9s qui non seulement captivent votre public, mais aussi g\u00e9n\u00e8rent des&#8230;<\/p>\n","protected":false},"author":1,"featured_media":0,"parent":0,"menu_order":0,"comment_status":"closed","ping_status":"closed","template":"","meta":{"inline_featured_image":false,"_kad_blocks_custom_css":"","_kad_blocks_head_custom_js":"","_kad_blocks_body_custom_js":"","_kad_blocks_footer_custom_js":"","_monsterinsights_skip_tracking":false,"_monsterinsights_sitenote_active":false,"_monsterinsights_sitenote_note":"","_monsterinsights_sitenote_category":0,"_kadence_starter_templates_imported_post":false,"_kad_post_transparent":"","_kad_post_title":"","_kad_post_layout":"","_kad_post_sidebar_id":"","_kad_post_content_style":"","_kad_post_vertical_padding":"","_kad_post_feature":"","_kad_post_feature_position":"","_kad_post_header":false,"_kad_post_footer":false,"footnotes":""},"class_list":["post-1264","page","type-page","status-publish","hentry"],"aioseo_notices":[],"taxonomy_info":[],"featured_image_src_large":false,"author_info":{"display_name":"admin","author_link":"https:\/\/algocalc.com\/fr\/author\/miljenko-jakovljevicgmail-com\/"},"comment_info":0,"_links":{"self":[{"href":"https:\/\/algocalc.com\/fr\/wp-json\/wp\/v2\/pages\/1264"}],"collection":[{"href":"https:\/\/algocalc.com\/fr\/wp-json\/wp\/v2\/pages"}],"about":[{"href":"https:\/\/algocalc.com\/fr\/wp-json\/wp\/v2\/types\/page"}],"author":[{"embeddable":true,"href":"https:\/\/algocalc.com\/fr\/wp-json\/wp\/v2\/users\/1"}],"replies":[{"embeddable":true,"href":"https:\/\/algocalc.com\/fr\/wp-json\/wp\/v2\/comments?post=1264"}],"version-history":[{"count":1,"href":"https:\/\/algocalc.com\/fr\/wp-json\/wp\/v2\/pages\/1264\/revisions"}],"predecessor-version":[{"id":1265,"href":"https:\/\/algocalc.com\/fr\/wp-json\/wp\/v2\/pages\/1264\/revisions\/1265"}],"wp:attachment":[{"href":"https:\/\/algocalc.com\/fr\/wp-json\/wp\/v2\/media?parent=1264"}],"curies":[{"name":"wp","href":"https:\/\/api.w.org\/{rel}","templated":true}]}}