{"id":1091,"date":"2024-10-04T15:12:49","date_gmt":"2024-10-04T15:12:49","guid":{"rendered":"https:\/\/algocalc.com\/legaux\/"},"modified":"2025-01-12T17:28:49","modified_gmt":"2025-01-12T17:28:49","slug":"legals","status":"publish","type":"page","link":"https:\/\/algocalc.com\/fr\/legals\/","title":{"rendered":"L\u00e9gaux"},"content":{"rendered":"\n<p>Voici les informations l\u00e9gales concernant Algocalc d.o.o. (Ltd.) conform\u00e9ment \u00e0 la loi croate sur les soci\u00e9t\u00e9s commerciales :<\/p>\n\n<p>Nom de la soci\u00e9t\u00e9 : Algocalc d.o.o.<\/p>\n\n<p>Adresse et si\u00e8ge social : Gori\u010danci 4, 10040 Zagreb, Croatie, Union europ\u00e9enne.<\/p>\n\n<p> Courriel : office@algocalc.com <\/p>\n\n<p>T\u00e9l\u00e9phone : +385-95 711 2536<\/p>\n\n<p>OIB (num\u00e9ro d&rsquo;identification personnel) : 32744112068<\/p>\n\n<p>Num\u00e9ro d&rsquo;enregistrement du sujet (MBS) : 081606999<\/p>\n\n<p>EUID : HRSR.081606999<\/p>\n\n<p>Num\u00e9ro d&rsquo;identification TVA : HR32744112068<\/p>\n\n<p>Soci\u00e9t\u00e9 enregistr\u00e9e au tribunal de commerce de Zagreb, Croatie, Union europ\u00e9enne<\/p>\n\n<p>Capital social de 2.500,00 EUR enti\u00e8rement lib\u00e9r\u00e9<\/p>\n\n<p>PDG : Miljenko Jakovljevi\u0107, B.Sc.<\/p>\n","protected":false},"excerpt":{"rendered":"<p>Voici les informations l\u00e9gales concernant Algocalc d.o.o. (Ltd.) conform\u00e9ment \u00e0 la loi croate sur les soci\u00e9t\u00e9s commerciales : Nom de la soci\u00e9t\u00e9 : Algocalc d.o.o. Adresse et si\u00e8ge social : Gori\u010danci 4, 10040 Zagreb, Croatie, Union europ\u00e9enne. Courriel : office@algocalc.com T\u00e9l\u00e9phone : +385-95 711 2536 OIB (num\u00e9ro d&rsquo;identification personnel) : 32744112068 Num\u00e9ro d&rsquo;enregistrement du sujet&#8230;<\/p>\n","protected":false},"author":1,"featured_media":1099,"parent":0,"menu_order":0,"comment_status":"closed","ping_status":"closed","template":"elementor_theme","meta":{"inline_featured_image":false,"_kad_blocks_custom_css":"","_kad_blocks_head_custom_js":"","_kad_blocks_body_custom_js":"","_kad_blocks_footer_custom_js":"","_monsterinsights_skip_tracking":false,"_monsterinsights_sitenote_active":false,"_monsterinsights_sitenote_note":"","_monsterinsights_sitenote_category":0,"_kadence_starter_templates_imported_post":false,"_kad_post_transparent":"","_kad_post_title":"","_kad_post_layout":"","_kad_post_sidebar_id":"","_kad_post_content_style":"","_kad_post_vertical_padding":"","_kad_post_feature":"","_kad_post_feature_position":"","_kad_post_header":false,"_kad_post_footer":false,"footnotes":""},"class_list":["post-1091","page","type-page","status-publish","has-post-thumbnail","hentry"],"aioseo_notices":[],"taxonomy_info":[],"featured_image_src_large":["https:\/\/algocalc.com\/wp-content\/uploads\/2024\/10\/premium_photo-1661497281000-b5ecb39a2114.avif",500,333,false],"author_info":{"display_name":"admin","author_link":"https:\/\/algocalc.com\/fr\/author\/miljenko-jakovljevicgmail-com\/"},"comment_info":0,"_links":{"self":[{"href":"https:\/\/algocalc.com\/fr\/wp-json\/wp\/v2\/pages\/1091"}],"collection":[{"href":"https:\/\/algocalc.com\/fr\/wp-json\/wp\/v2\/pages"}],"about":[{"href":"https:\/\/algocalc.com\/fr\/wp-json\/wp\/v2\/types\/page"}],"author":[{"embeddable":true,"href":"https:\/\/algocalc.com\/fr\/wp-json\/wp\/v2\/users\/1"}],"replies":[{"embeddable":true,"href":"https:\/\/algocalc.com\/fr\/wp-json\/wp\/v2\/comments?post=1091"}],"version-history":[{"count":13,"href":"https:\/\/algocalc.com\/fr\/wp-json\/wp\/v2\/pages\/1091\/revisions"}],"predecessor-version":[{"id":1790,"href":"https:\/\/algocalc.com\/fr\/wp-json\/wp\/v2\/pages\/1091\/revisions\/1790"}],"wp:featuredmedia":[{"embeddable":true,"href":"https:\/\/algocalc.com\/fr\/wp-json\/wp\/v2\/media\/1099"}],"wp:attachment":[{"href":"https:\/\/algocalc.com\/fr\/wp-json\/wp\/v2\/media?parent=1091"}],"curies":[{"name":"wp","href":"https:\/\/api.w.org\/{rel}","templated":true}]}}