{"id":1306,"date":"2024-10-22T14:33:23","date_gmt":"2024-10-22T14:33:23","guid":{"rendered":"https:\/\/algocalc.com\/eingebettete-systeme\/"},"modified":"2024-10-22T14:33:29","modified_gmt":"2024-10-22T14:33:29","slug":"eingebettete-systeme","status":"publish","type":"page","link":"https:\/\/algocalc.com\/de\/eingebettete-systeme\/","title":{"rendered":"Eingebettete Systeme"},"content":{"rendered":"\n<h1 class=\"wp-block-heading\">Professionelle Entwicklung eingebetteter Systeme<\/h1>\n\n<p>Wir bieten Entwicklungsdienstleistungen f\u00fcr eingebettete Systeme mit Schwerpunkt auf effizienten und zuverl\u00e4ssigen L\u00f6sungen f\u00fcr vernetzte Ger\u00e4te. Unser Team arbeitet mit etablierten Technologien, um Ihre Hardwarekonzepte in die Produktion zu bringen. <\/p>\n\n<h2 class=\"wp-block-heading\">Technische Schwerpunktbereiche<\/h2>\n\n<p>Unsere Entwicklungsarbeit konzentriert sich auf Embedded Linux-Implementierungen, bei denen wir Kernel-Anpassungen und Systemoptimierungstechniken anwenden, um spezifische Projektanforderungen zu erf\u00fcllen. Mithilfe der Frameworks Yocto und Buildroot erstellen wir Linux-Distributionen, die auf bestimmte Hardwarekonfigurationen zugeschnitten sind und bei Bedarf sichere Boot-Mechanismen und Update-Funktionen enthalten. <\/p>\n\n<p>F\u00fcr die Anwendungsentwicklung implementieren wir L\u00f6sungen in modernem C++ und konzentrieren uns dabei auf Ressourceneffizienz und Systemleistung. Dieser Ansatz ist besonders in eingebetteten Umgebungen von Bedeutung, in denen Hardware-Ressourcen oft Einschr\u00e4nkungen darstellen, die bei der Entwicklung sorgf\u00e4ltig ber\u00fccksichtigt werden m\u00fcssen. <\/p>\n\n<p>Das Qt-Framework dient uns als Grundlage f\u00fcr die Entwicklung von Benutzeroberfl\u00e4chen. Dies erm\u00f6glicht die Erstellung von reaktionsschnellen Oberfl\u00e4chen mit hardwarebeschleunigten Grafikfunktionen, die ein konsistentes Erlebnis auf verschiedenen Plattformen und Ger\u00e4tetypen bieten. <\/p>\n\n<h2 class=\"wp-block-heading\">Entwicklung Ansatz<\/h2>\n\n<p>Unser Prozess legt Wert auf eine gr\u00fcndliche Anforderungsanalyse und systematische Tests w\u00e4hrend der gesamten Entwicklung. Wir konzentrieren uns darauf, wartbare L\u00f6sungen zu erstellen, die mit Industriestandards und Best Practices \u00fcbereinstimmen. Jedes Projekt erh\u00e4lt eine angemessene Dokumentation, um die langfristige Wartung und zuk\u00fcnftige Entwicklung zu unterst\u00fctzen.  <\/p>\n\n<p>Das Team kommuniziert w\u00e4hrend des gesamten Projektverlaufs regelm\u00e4\u00dfig mit Ihnen, um Sie \u00fcber den Fortschritt zu informieren und technische Herausforderungen anzusprechen, sobald sie auftreten. Dies tr\u00e4gt dazu bei, dass die Entwicklungsbem\u00fchungen mit den Projektzielen in Einklang gebracht werden. <\/p>\n\n<p>F\u00fcr ein Gespr\u00e4ch \u00fcber Ihre Anforderungen an eingebettete Systeme nehmen Sie bitte Kontakt mit uns auf.<\/p>\n","protected":false},"excerpt":{"rendered":"<p>Professionelle Entwicklung eingebetteter Systeme Wir bieten Entwicklungsdienstleistungen f\u00fcr eingebettete Systeme mit Schwerpunkt auf effizienten und zuverl\u00e4ssigen L\u00f6sungen f\u00fcr vernetzte Ger\u00e4te. Unser Team arbeitet mit etablierten Technologien, um Ihre Hardwarekonzepte in die Produktion zu bringen. Technische Schwerpunktbereiche Unsere Entwicklungsarbeit konzentriert sich auf Embedded Linux-Implementierungen, bei denen wir Kernel-Anpassungen und Systemoptimierungstechniken anwenden, um spezifische Projektanforderungen zu erf\u00fcllen&#8230;.<\/p>\n","protected":false},"author":1,"featured_media":0,"parent":0,"menu_order":0,"comment_status":"closed","ping_status":"closed","template":"","meta":{"inline_featured_image":false,"_kad_blocks_custom_css":"","_kad_blocks_head_custom_js":"","_kad_blocks_body_custom_js":"","_kad_blocks_footer_custom_js":"","_monsterinsights_skip_tracking":false,"_monsterinsights_sitenote_active":false,"_monsterinsights_sitenote_note":"","_monsterinsights_sitenote_category":0,"_kadence_starter_templates_imported_post":false,"_kad_post_transparent":"","_kad_post_title":"","_kad_post_layout":"","_kad_post_sidebar_id":"","_kad_post_content_style":"","_kad_post_vertical_padding":"","_kad_post_feature":"","_kad_post_feature_position":"","_kad_post_header":false,"_kad_post_footer":false,"footnotes":""},"class_list":["post-1306","page","type-page","status-publish","hentry"],"aioseo_notices":[],"taxonomy_info":[],"featured_image_src_large":false,"author_info":{"display_name":"admin","author_link":"https:\/\/algocalc.com\/de\/author\/miljenko-jakovljevicgmail-com\/"},"comment_info":0,"_links":{"self":[{"href":"https:\/\/algocalc.com\/de\/wp-json\/wp\/v2\/pages\/1306"}],"collection":[{"href":"https:\/\/algocalc.com\/de\/wp-json\/wp\/v2\/pages"}],"about":[{"href":"https:\/\/algocalc.com\/de\/wp-json\/wp\/v2\/types\/page"}],"author":[{"embeddable":true,"href":"https:\/\/algocalc.com\/de\/wp-json\/wp\/v2\/users\/1"}],"replies":[{"embeddable":true,"href":"https:\/\/algocalc.com\/de\/wp-json\/wp\/v2\/comments?post=1306"}],"version-history":[{"count":1,"href":"https:\/\/algocalc.com\/de\/wp-json\/wp\/v2\/pages\/1306\/revisions"}],"predecessor-version":[{"id":1308,"href":"https:\/\/algocalc.com\/de\/wp-json\/wp\/v2\/pages\/1306\/revisions\/1308"}],"wp:attachment":[{"href":"https:\/\/algocalc.com\/de\/wp-json\/wp\/v2\/media?parent=1306"}],"curies":[{"name":"wp","href":"https:\/\/api.w.org\/{rel}","templated":true}]}}