{"id":1293,"date":"2024-10-21T16:36:31","date_gmt":"2024-10-21T16:36:31","guid":{"rendered":"https:\/\/algocalc.com\/mobile-apps\/"},"modified":"2024-10-21T16:36:46","modified_gmt":"2024-10-21T16:36:46","slug":"mobile-apps","status":"publish","type":"page","link":"https:\/\/algocalc.com\/de\/mobile-apps\/","title":{"rendered":"Mobile Apps"},"content":{"rendered":"\n<h2 class=\"wp-block-heading\">Entfesseln Sie die Kraft von Mobile mit ma\u00dfgeschneiderten App-L\u00f6sungen<\/h2>\n\n<p>In der vernetzten Welt von heute ist eine solide mobile Pr\u00e4senz f\u00fcr Unternehmen jeder Gr\u00f6\u00dfe unerl\u00e4sslich. Wir von Algocalc haben uns auf die Entwicklung innovativer, benutzerfreundlicher mobiler Anwendungen spezialisiert, die das Engagement f\u00f6rdern, die Produktivit\u00e4t steigern und unseren Kunden greifbare Ergebnisse liefern. <\/p>\n\n<p>Unser Team aus erfahrenen Entwicklern von mobilen Apps, UX-Designern und digitalen Strategen arbeitet eng mit Ihnen zusammen, um Ihre individuellen Gesch\u00e4ftsziele, Ihre Zielgruppe und Ihre Branche zu verstehen. Anschlie\u00dfend nutzen wir die neuesten Technologien, Designtrends und bew\u00e4hrten Best Practices, um ma\u00dfgeschneiderte mobile Apps zu entwickeln, die sich nahtlos in Ihre bestehenden Systeme und Infrastrukturen einf\u00fcgen. <\/p>\n\n<p>Ganz gleich, ob Sie eine funktionsreiche App f\u00fcr Privatanwender, eine produktivit\u00e4tssteigernde Unternehmensl\u00f6sung oder ein innovatives mobiles Spiel entwickeln m\u00f6chten, wir verf\u00fcgen \u00fcber das Know-how, um Ihre Visionen in die Realit\u00e4t umzusetzen. Unsere Dienstleistungen f\u00fcr die Entwicklung mobiler Anwendungen umfassen: <\/p>\n\n<ul class=\"wp-block-list\">\n<li><strong>iOS- und Android-Entwicklung<\/strong>: Native und plattform\u00fcbergreifende mobile Anwendungen f\u00fcr maximale Reichweite und Leistung<\/li>\n\n\n\n<li><strong>Responsives UI\/UX-Design<\/strong>: Intuitive, visuell ansprechende Oberfl\u00e4chen, die Ihre Benutzer begeistern<\/li>\n\n\n\n<li><strong>Sichere Backend-Integration<\/strong>: Nahtlose Integration mit Ihren bestehenden Datenbanken, APIs und Cloud-Diensten<\/li>\n\n\n\n<li><strong>Laufende Wartung und Updates<\/strong>: Wir sorgen daf\u00fcr, dass Ihre App aktuell, sicher und optimiert bleibt<\/li>\n\n\n\n<li><strong>App Store-Optimierung<\/strong>: Strategien zur Verbesserung der Sichtbarkeit und des Rankings Ihrer App in den App Stores<\/li>\n<\/ul>\n\n<p>Gehen Sie eine Partnerschaft mit Algocalc ein und sch\u00f6pfen Sie das volle Potenzial der mobilen Anwendungen f\u00fcr Ihr Unternehmen aus. Setzen Sie sich noch heute mit uns in Verbindung, um einen Beratungstermin zu vereinbaren. Wir helfen Ihnen dabei, eine ma\u00dfgeschneiderte mobile App zu entwickeln, die das Engagement der Nutzer f\u00f6rdert, die Produktivit\u00e4t steigert und messbare Ergebnisse liefert. <\/p>\n","protected":false},"excerpt":{"rendered":"<p>Entfesseln Sie die Kraft von Mobile mit ma\u00dfgeschneiderten App-L\u00f6sungen In der vernetzten Welt von heute ist eine solide mobile Pr\u00e4senz f\u00fcr Unternehmen jeder Gr\u00f6\u00dfe unerl\u00e4sslich. Wir von Algocalc haben uns auf die Entwicklung innovativer, benutzerfreundlicher mobiler Anwendungen spezialisiert, die das Engagement f\u00f6rdern, die Produktivit\u00e4t steigern und unseren Kunden greifbare Ergebnisse liefern. Unser Team aus erfahrenen&#8230;<\/p>\n","protected":false},"author":1,"featured_media":0,"parent":0,"menu_order":0,"comment_status":"closed","ping_status":"closed","template":"","meta":{"inline_featured_image":false,"_kad_blocks_custom_css":"","_kad_blocks_head_custom_js":"","_kad_blocks_body_custom_js":"","_kad_blocks_footer_custom_js":"","_monsterinsights_skip_tracking":false,"_monsterinsights_sitenote_active":false,"_monsterinsights_sitenote_note":"","_monsterinsights_sitenote_category":0,"_kadence_starter_templates_imported_post":false,"_kad_post_transparent":"","_kad_post_title":"","_kad_post_layout":"","_kad_post_sidebar_id":"","_kad_post_content_style":"","_kad_post_vertical_padding":"","_kad_post_feature":"","_kad_post_feature_position":"","_kad_post_header":false,"_kad_post_footer":false,"footnotes":""},"class_list":["post-1293","page","type-page","status-publish","hentry"],"aioseo_notices":[],"taxonomy_info":[],"featured_image_src_large":false,"author_info":{"display_name":"admin","author_link":"https:\/\/algocalc.com\/de\/author\/miljenko-jakovljevicgmail-com\/"},"comment_info":0,"_links":{"self":[{"href":"https:\/\/algocalc.com\/de\/wp-json\/wp\/v2\/pages\/1293"}],"collection":[{"href":"https:\/\/algocalc.com\/de\/wp-json\/wp\/v2\/pages"}],"about":[{"href":"https:\/\/algocalc.com\/de\/wp-json\/wp\/v2\/types\/page"}],"author":[{"embeddable":true,"href":"https:\/\/algocalc.com\/de\/wp-json\/wp\/v2\/users\/1"}],"replies":[{"embeddable":true,"href":"https:\/\/algocalc.com\/de\/wp-json\/wp\/v2\/comments?post=1293"}],"version-history":[{"count":1,"href":"https:\/\/algocalc.com\/de\/wp-json\/wp\/v2\/pages\/1293\/revisions"}],"predecessor-version":[{"id":1295,"href":"https:\/\/algocalc.com\/de\/wp-json\/wp\/v2\/pages\/1293\/revisions\/1295"}],"wp:attachment":[{"href":"https:\/\/algocalc.com\/de\/wp-json\/wp\/v2\/media?parent=1293"}],"curies":[{"name":"wp","href":"https:\/\/api.w.org\/{rel}","templated":true}]}}