{"id":1281,"date":"2024-10-21T16:33:21","date_gmt":"2024-10-21T16:33:21","guid":{"rendered":"https:\/\/algocalc.com\/web-applikationen\/"},"modified":"2024-10-21T16:33:36","modified_gmt":"2024-10-21T16:33:36","slug":"web-applikationen","status":"publish","type":"page","link":"https:\/\/algocalc.com\/de\/web-applikationen\/","title":{"rendered":"Web-Anwendungen"},"content":{"rendered":"\n<h2 class=\"wp-block-heading\">Revolutionieren Sie Ihr Gesch\u00e4ft mit modernsten Webanwendungen<\/h2>\n\n<p>In der schnelllebigen digitalen Welt von heute sind innovative Webanwendungen der Schl\u00fcssel zu einem noch nie dagewesenen Ma\u00df an Effizienz, Produktivit\u00e4t und Wachstum f\u00fcr Ihr Unternehmen. Wir von Algocalc haben uns auf die Konzeption und Entwicklung ma\u00dfgeschneiderter Webanwendungen spezialisiert, die Ihre Mitarbeiter unterst\u00fctzen, Ihre Kunden begeistern und Ihnen einen Wettbewerbsvorteil verschaffen. <\/p>\n\n<p>Unser Team von erfahrenen Entwicklern von Webanwendungen kombiniert technisches Fachwissen, Branchenkenntnisse und ein tiefes Verst\u00e4ndnis der Benutzerfreundlichkeit, um ma\u00dfgeschneiderte L\u00f6sungen zu entwickeln, die sich nahtlos in Ihre bestehenden Systeme und Infrastrukturen einf\u00fcgen. Ganz gleich, ob Sie eine robuste CRM-Plattform, ein datengesteuertes Analyse-Dashboard oder ein sicheres Tool f\u00fcr die Online-Zusammenarbeit ben\u00f6tigen, wir verf\u00fcgen \u00fcber die F\u00e4higkeiten, Ihre Vision zum Leben zu erwecken. <\/p>\n\n<p>Wenn Sie mit Algocalc zusammenarbeiten, um Ihre Webanwendungen zu entwickeln, k\u00f6nnen Sie Folgendes erwarten:<\/p>\n\n<ul class=\"wp-block-list\">\n<li><strong>Ma\u00dfgeschneiderte Designs<\/strong>: Einzigartige, benutzerorientierte Oberfl\u00e4chen, die die Produktivit\u00e4t und das Engagement steigern<\/li>\n\n\n\n<li><strong>Skalierbare Architektur<\/strong>: Robuste, skalierbare und sichere Backend-Infrastruktur zur Unterst\u00fctzung Ihres wachsenden Unternehmens<\/li>\n\n\n\n<li><strong>Nahtlose Integration<\/strong>: Nahtlose Integration in Ihre aktuellen Systeme und Software<\/li>\n\n\n\n<li><strong>Agile Methodik<\/strong>: Iterativer Entwicklungsansatz f\u00fcr k\u00fcrzere Markteinf\u00fchrungszeiten und kontinuierliche Verbesserungen<\/li>\n\n\n\n<li><strong>Laufende Unterst\u00fctzung<\/strong>: Engagierte Wartung und Unterst\u00fctzung nach dem Start, um optimale Leistung zu gew\u00e4hrleisten<\/li>\n<\/ul>\n\n<p>Erschlie\u00dfen Sie das volle Potenzial Ihres Unternehmens mit einer ma\u00dfgeschneiderten Webanwendung, die von den Experten von Algocalc entworfen und entwickelt wurde. Kontaktieren Sie uns noch heute, um einen Beratungstermin zu vereinbaren, und lassen Sie uns Ihnen helfen, Ihre digitale Landschaft zu ver\u00e4ndern. <\/p>\n","protected":false},"excerpt":{"rendered":"<p>Revolutionieren Sie Ihr Gesch\u00e4ft mit modernsten Webanwendungen In der schnelllebigen digitalen Welt von heute sind innovative Webanwendungen der Schl\u00fcssel zu einem noch nie dagewesenen Ma\u00df an Effizienz, Produktivit\u00e4t und Wachstum f\u00fcr Ihr Unternehmen. Wir von Algocalc haben uns auf die Konzeption und Entwicklung ma\u00dfgeschneiderter Webanwendungen spezialisiert, die Ihre Mitarbeiter unterst\u00fctzen, Ihre Kunden begeistern und Ihnen&#8230;<\/p>\n","protected":false},"author":1,"featured_media":0,"parent":0,"menu_order":0,"comment_status":"closed","ping_status":"closed","template":"","meta":{"inline_featured_image":false,"_kad_blocks_custom_css":"","_kad_blocks_head_custom_js":"","_kad_blocks_body_custom_js":"","_kad_blocks_footer_custom_js":"","_monsterinsights_skip_tracking":false,"_monsterinsights_sitenote_active":false,"_monsterinsights_sitenote_note":"","_monsterinsights_sitenote_category":0,"_kadence_starter_templates_imported_post":false,"_kad_post_transparent":"","_kad_post_title":"","_kad_post_layout":"","_kad_post_sidebar_id":"","_kad_post_content_style":"","_kad_post_vertical_padding":"","_kad_post_feature":"","_kad_post_feature_position":"","_kad_post_header":false,"_kad_post_footer":false,"footnotes":""},"class_list":["post-1281","page","type-page","status-publish","hentry"],"aioseo_notices":[],"taxonomy_info":[],"featured_image_src_large":false,"author_info":{"display_name":"admin","author_link":"https:\/\/algocalc.com\/de\/author\/miljenko-jakovljevicgmail-com\/"},"comment_info":0,"_links":{"self":[{"href":"https:\/\/algocalc.com\/de\/wp-json\/wp\/v2\/pages\/1281"}],"collection":[{"href":"https:\/\/algocalc.com\/de\/wp-json\/wp\/v2\/pages"}],"about":[{"href":"https:\/\/algocalc.com\/de\/wp-json\/wp\/v2\/types\/page"}],"author":[{"embeddable":true,"href":"https:\/\/algocalc.com\/de\/wp-json\/wp\/v2\/users\/1"}],"replies":[{"embeddable":true,"href":"https:\/\/algocalc.com\/de\/wp-json\/wp\/v2\/comments?post=1281"}],"version-history":[{"count":1,"href":"https:\/\/algocalc.com\/de\/wp-json\/wp\/v2\/pages\/1281\/revisions"}],"predecessor-version":[{"id":1283,"href":"https:\/\/algocalc.com\/de\/wp-json\/wp\/v2\/pages\/1281\/revisions\/1283"}],"wp:attachment":[{"href":"https:\/\/algocalc.com\/de\/wp-json\/wp\/v2\/media?parent=1281"}],"curies":[{"name":"wp","href":"https:\/\/api.w.org\/{rel}","templated":true}]}}