{"id":1268,"date":"2024-10-21T16:29:46","date_gmt":"2024-10-21T16:29:46","guid":{"rendered":"https:\/\/algocalc.com\/web-design\/"},"modified":"2024-10-21T16:30:00","modified_gmt":"2024-10-21T16:30:00","slug":"web-design","status":"publish","type":"page","link":"https:\/\/algocalc.com\/de\/web-design\/","title":{"rendered":"Web-Design"},"content":{"rendered":"\n<h2 class=\"wp-block-heading\">Erwecken Sie Ihre Vision zum Leben mit unseren fachkundigen Web-Design-Services<\/h2>\n\n<p>In der heutigen digitalen Landschaft ist eine \u00fcberzeugende und benutzerfreundliche Website f\u00fcr den Erfolg eines jeden Unternehmens unerl\u00e4sslich. Wir bei Algocalc haben uns darauf spezialisiert, individuelle Webdesigns zu entwerfen, die nicht nur Ihr Publikum fesseln, sondern auch f\u00fcr mehr Umsatz und Wachstum sorgen. <\/p>\n\n<p>Unser Team aus erfahrenen Webdesignern und -entwicklern arbeitet eng mit Ihnen zusammen, um Ihre individuellen Gesch\u00e4ftsanforderungen, Ihre Zielgruppe und Ihre Markenidentit\u00e4t zu verstehen. Anschlie\u00dfend nutzen wir die neuesten Designtrends, Spitzentechnologien und bew\u00e4hrte Best Practices, um eine Website zu erstellen, die die Pers\u00f6nlichkeit Ihres Unternehmens widerspiegelt und sich von der Masse des Online-Marktes abhebt. <\/p>\n\n<p>Egal, ob Sie eine neue Website von Grund auf erstellen oder Ihre bestehende Online-Pr\u00e4senz auffrischen m\u00f6chten, wir verf\u00fcgen \u00fcber die F\u00e4higkeiten und das Fachwissen, um au\u00dfergew\u00f6hnliche Ergebnisse zu erzielen. Unsere Dienstleistungen umfassen: <\/p>\n\n<ul class=\"wp-block-list\">\n<li><strong>Kundenspezifisches Web-Design<\/strong>: Einzigartige, responsive Designs, die auf Ihre Marke und Branche zugeschnitten sind<\/li>\n\n\n\n<li><strong>E-Commerce-L\u00f6sungen<\/strong>: Nahtlose Online-Einkaufserlebnisse, die den Umsatz steigern<\/li>\n\n\n\n<li><strong>Content Management Systeme<\/strong>: Intuitive Plattformen zur einfachen Verwaltung Ihrer Website-Inhalte<\/li>\n\n\n\n<li><strong>Suchmaschinen-Optimierung<\/strong>: Strategien zur Verbesserung der Sichtbarkeit und des Rankings Ihrer Website<\/li>\n\n\n\n<li><strong>Laufende Wartung und Support<\/strong>: Damit Ihre Website aktuell und sicher bleibt<\/li>\n<\/ul>\n\n<p>Gehen Sie eine Partnerschaft mit Algocalc ein und lassen Sie uns Ihre digitale Pr\u00e4senz in ein leistungsf\u00e4higes Marketinginstrument verwandeln, das Leads generiert, die Kundenbindung steigert und ein nachhaltiges Wachstum f\u00fcr Ihr Unternehmen erm\u00f6glicht. Kontaktieren Sie uns noch heute und fangen Sie an! <\/p>\n","protected":false},"excerpt":{"rendered":"<p>Erwecken Sie Ihre Vision zum Leben mit unseren fachkundigen Web-Design-Services In der heutigen digitalen Landschaft ist eine \u00fcberzeugende und benutzerfreundliche Website f\u00fcr den Erfolg eines jeden Unternehmens unerl\u00e4sslich. Wir bei Algocalc haben uns darauf spezialisiert, individuelle Webdesigns zu entwerfen, die nicht nur Ihr Publikum fesseln, sondern auch f\u00fcr mehr Umsatz und Wachstum sorgen. Unser Team&#8230;<\/p>\n","protected":false},"author":1,"featured_media":0,"parent":0,"menu_order":0,"comment_status":"closed","ping_status":"closed","template":"","meta":{"inline_featured_image":false,"_kad_blocks_custom_css":"","_kad_blocks_head_custom_js":"","_kad_blocks_body_custom_js":"","_kad_blocks_footer_custom_js":"","_monsterinsights_skip_tracking":false,"_monsterinsights_sitenote_active":false,"_monsterinsights_sitenote_note":"","_monsterinsights_sitenote_category":0,"_kadence_starter_templates_imported_post":false,"_kad_post_transparent":"","_kad_post_title":"","_kad_post_layout":"","_kad_post_sidebar_id":"","_kad_post_content_style":"","_kad_post_vertical_padding":"","_kad_post_feature":"","_kad_post_feature_position":"","_kad_post_header":false,"_kad_post_footer":false,"footnotes":""},"class_list":["post-1268","page","type-page","status-publish","hentry"],"aioseo_notices":[],"taxonomy_info":[],"featured_image_src_large":false,"author_info":{"display_name":"admin","author_link":"https:\/\/algocalc.com\/de\/author\/miljenko-jakovljevicgmail-com\/"},"comment_info":0,"_links":{"self":[{"href":"https:\/\/algocalc.com\/de\/wp-json\/wp\/v2\/pages\/1268"}],"collection":[{"href":"https:\/\/algocalc.com\/de\/wp-json\/wp\/v2\/pages"}],"about":[{"href":"https:\/\/algocalc.com\/de\/wp-json\/wp\/v2\/types\/page"}],"author":[{"embeddable":true,"href":"https:\/\/algocalc.com\/de\/wp-json\/wp\/v2\/users\/1"}],"replies":[{"embeddable":true,"href":"https:\/\/algocalc.com\/de\/wp-json\/wp\/v2\/comments?post=1268"}],"version-history":[{"count":1,"href":"https:\/\/algocalc.com\/de\/wp-json\/wp\/v2\/pages\/1268\/revisions"}],"predecessor-version":[{"id":1269,"href":"https:\/\/algocalc.com\/de\/wp-json\/wp\/v2\/pages\/1268\/revisions\/1269"}],"wp:attachment":[{"href":"https:\/\/algocalc.com\/de\/wp-json\/wp\/v2\/media?parent=1268"}],"curies":[{"name":"wp","href":"https:\/\/api.w.org\/{rel}","templated":true}]}}