{"id":1094,"date":"2024-10-04T15:12:49","date_gmt":"2024-10-04T15:12:49","guid":{"rendered":"https:\/\/algocalc.com\/rechtliches\/"},"modified":"2025-01-12T17:28:50","modified_gmt":"2025-01-12T17:28:50","slug":"legals","status":"publish","type":"page","link":"https:\/\/algocalc.com\/de\/legals\/","title":{"rendered":"Rechtliches"},"content":{"rendered":"\n<p>Dies sind die rechtlichen Informationen \u00fcber Algocalc d.o.o. (Ltd.) gem\u00e4\u00df dem kroatischen Gesetz \u00fcber Handelsgesellschaften:<\/p>\n\n<p>Name des Unternehmens: Algocalc d.o.o.<\/p>\n\n<p>Adresse und Hauptsitz: Gori\u010danci 4, 10040 Zagreb, Kroatien, Europ\u00e4ische Union<\/p>\n\n<p>  E-Mail: office@algocalc.com  <\/p>\n\n<p>Telefon: +385-95 711 2536<\/p>\n\n<p>OIB (pers\u00f6nliche Identifikationsnummer): 32744112068<\/p>\n\n<p>Registrierungsnummer des Subjekts (MBS): 081606999<\/p>\n\n<p>EUID: HRSR.081606999<\/p>\n\n<p>Umsatzsteuer-ID-Nummer: HR32744112068<\/p>\n\n<p>Gesellschaft registriert beim Handelsgericht in Zagreb, Kroatien, Europ\u00e4ische Union<\/p>\n\n<p>Stammkapital von 2.500,00 EUR vollst\u00e4ndig eingezahlt<\/p>\n\n<p>CEO: Miljenko Jakovljevi\u0107, B.Sc.<\/p>\n","protected":false},"excerpt":{"rendered":"<p>Dies sind die rechtlichen Informationen \u00fcber Algocalc d.o.o. (Ltd.) gem\u00e4\u00df dem kroatischen Gesetz \u00fcber Handelsgesellschaften: Name des Unternehmens: Algocalc d.o.o. Adresse und Hauptsitz: Gori\u010danci 4, 10040 Zagreb, Kroatien, Europ\u00e4ische Union E-Mail: office@algocalc.com Telefon: +385-95 711 2536 OIB (pers\u00f6nliche Identifikationsnummer): 32744112068 Registrierungsnummer des Subjekts (MBS): 081606999 EUID: HRSR.081606999 Umsatzsteuer-ID-Nummer: HR32744112068 Gesellschaft registriert beim Handelsgericht in Zagreb,&#8230;<\/p>\n","protected":false},"author":1,"featured_media":1100,"parent":0,"menu_order":0,"comment_status":"closed","ping_status":"closed","template":"elementor_theme","meta":{"inline_featured_image":false,"_kad_blocks_custom_css":"","_kad_blocks_head_custom_js":"","_kad_blocks_body_custom_js":"","_kad_blocks_footer_custom_js":"","_monsterinsights_skip_tracking":false,"_monsterinsights_sitenote_active":false,"_monsterinsights_sitenote_note":"","_monsterinsights_sitenote_category":0,"_kadence_starter_templates_imported_post":false,"_kad_post_transparent":"","_kad_post_title":"","_kad_post_layout":"","_kad_post_sidebar_id":"","_kad_post_content_style":"","_kad_post_vertical_padding":"","_kad_post_feature":"","_kad_post_feature_position":"","_kad_post_header":false,"_kad_post_footer":false,"footnotes":""},"class_list":["post-1094","page","type-page","status-publish","has-post-thumbnail","hentry"],"aioseo_notices":[],"taxonomy_info":[],"featured_image_src_large":["https:\/\/algocalc.com\/wp-content\/uploads\/2024\/10\/premium_photo-1661497281000-b5ecb39a2114.avif",500,333,false],"author_info":{"display_name":"admin","author_link":"https:\/\/algocalc.com\/de\/author\/miljenko-jakovljevicgmail-com\/"},"comment_info":0,"_links":{"self":[{"href":"https:\/\/algocalc.com\/de\/wp-json\/wp\/v2\/pages\/1094"}],"collection":[{"href":"https:\/\/algocalc.com\/de\/wp-json\/wp\/v2\/pages"}],"about":[{"href":"https:\/\/algocalc.com\/de\/wp-json\/wp\/v2\/types\/page"}],"author":[{"embeddable":true,"href":"https:\/\/algocalc.com\/de\/wp-json\/wp\/v2\/users\/1"}],"replies":[{"embeddable":true,"href":"https:\/\/algocalc.com\/de\/wp-json\/wp\/v2\/comments?post=1094"}],"version-history":[{"count":15,"href":"https:\/\/algocalc.com\/de\/wp-json\/wp\/v2\/pages\/1094\/revisions"}],"predecessor-version":[{"id":1788,"href":"https:\/\/algocalc.com\/de\/wp-json\/wp\/v2\/pages\/1094\/revisions\/1788"}],"wp:featuredmedia":[{"embeddable":true,"href":"https:\/\/algocalc.com\/de\/wp-json\/wp\/v2\/media\/1100"}],"wp:attachment":[{"href":"https:\/\/algocalc.com\/de\/wp-json\/wp\/v2\/media?parent=1094"}],"curies":[{"name":"wp","href":"https:\/\/api.w.org\/{rel}","templated":true}]}}